{"id":223,"date":"2023-01-19T07:26:34","date_gmt":"2023-01-19T06:26:34","guid":{"rendered":"https:\/\/wycena-martazwolan.pl\/?page_id=223"},"modified":"2023-03-28T10:45:25","modified_gmt":"2023-03-28T08:45:25","slug":"kontakt-marta-zwolan-rzeczoznawca","status":"publish","type":"page","link":"https:\/\/wycena-martazwolan.pl\/index.php\/kontakt-marta-zwolan-rzeczoznawca\/","title":{"rendered":"Kontakt"},"content":{"rendered":"\t\t<div data-elementor-type=\"wp-page\" data-elementor-id=\"223\" class=\"elementor elementor-223\">\n\t\t\t\t\t\t\t\t\t<section class=\"elementor-section elementor-top-section elementor-element elementor-element-406bb22d elementor-section-height-min-height elementor-section-content-middle elementor-section-boxed elementor-section-height-default elementor-section-items-middle\" data-id=\"406bb22d\" data-element_type=\"section\" data-settings=\"{&quot;background_background&quot;:&quot;classic&quot;}\">\n\t\t\t\t\t\t\t<div class=\"elementor-background-overlay\"><\/div>\n\t\t\t\t\t\t\t<div class=\"elementor-container elementor-column-gap-default\">\n\t\t\t\t\t<div class=\"elementor-column elementor-col-100 elementor-top-column elementor-element elementor-element-65fc607c\" data-id=\"65fc607c\" data-element_type=\"column\">\n\t\t\t<div class=\"elementor-widget-wrap elementor-element-populated\">\n\t\t\t\t\t\t\t\t<div class=\"elementor-element elementor-element-7cc37f05 elementor-invisible elementor-widget elementor-widget-heading\" data-id=\"7cc37f05\" data-element_type=\"widget\" data-settings=\"{&quot;_animation&quot;:&quot;fadeIn&quot;}\" data-widget_type=\"heading.default\">\n\t\t\t\t<div class=\"elementor-widget-container\">\n\t\t\t<style>\/*! elementor - v3.11.5 - 14-03-2023 *\/\n.elementor-heading-title{padding:0;margin:0;line-height:1}.elementor-widget-heading .elementor-heading-title[class*=elementor-size-]>a{color:inherit;font-size:inherit;line-height:inherit}.elementor-widget-heading .elementor-heading-title.elementor-size-small{font-size:15px}.elementor-widget-heading .elementor-heading-title.elementor-size-medium{font-size:19px}.elementor-widget-heading .elementor-heading-title.elementor-size-large{font-size:29px}.elementor-widget-heading .elementor-heading-title.elementor-size-xl{font-size:39px}.elementor-widget-heading .elementor-heading-title.elementor-size-xxl{font-size:59px}<\/style><h2 class=\"elementor-heading-title elementor-size-default\">KONTAKT<\/h2>\t\t<\/div>\n\t\t\t\t<\/div>\n\t\t\t\t\t<\/div>\n\t\t<\/div>\n\t\t\t\t\t\t\t<\/div>\n\t\t<\/section>\n\t\t\t\t<section class=\"elementor-section elementor-top-section elementor-element elementor-element-aa8ef4b elementor-section-full_width elementor-section-height-default elementor-section-height-default\" data-id=\"aa8ef4b\" data-element_type=\"section\">\n\t\t\t\t\t\t<div class=\"elementor-container elementor-column-gap-default\">\n\t\t\t\t\t<div class=\"elementor-column elementor-col-100 elementor-top-column elementor-element elementor-element-9d5e916\" data-id=\"9d5e916\" data-element_type=\"column\">\n\t\t\t<div class=\"elementor-widget-wrap elementor-element-populated\">\n\t\t\t\t\t\t\t\t<div class=\"elementor-element elementor-element-97cb260 elementor-widget-divider--view-line elementor-widget elementor-widget-divider\" data-id=\"97cb260\" data-element_type=\"widget\" data-widget_type=\"divider.default\">\n\t\t\t\t<div class=\"elementor-widget-container\">\n\t\t\t<style>\/*! elementor - v3.11.5 - 14-03-2023 *\/\n.elementor-widget-divider{--divider-border-style:none;--divider-border-width:1px;--divider-color:#2c2c2c;--divider-icon-size:20px;--divider-element-spacing:10px;--divider-pattern-height:24px;--divider-pattern-size:20px;--divider-pattern-url:none;--divider-pattern-repeat:repeat-x}.elementor-widget-divider .elementor-divider{display:flex}.elementor-widget-divider .elementor-divider__text{font-size:15px;line-height:1;max-width:95%}.elementor-widget-divider .elementor-divider__element{margin:0 var(--divider-element-spacing);flex-shrink:0}.elementor-widget-divider .elementor-icon{font-size:var(--divider-icon-size)}.elementor-widget-divider .elementor-divider-separator{display:flex;margin:0;direction:ltr}.elementor-widget-divider--view-line_icon .elementor-divider-separator,.elementor-widget-divider--view-line_text .elementor-divider-separator{align-items:center}.elementor-widget-divider--view-line_icon .elementor-divider-separator:after,.elementor-widget-divider--view-line_icon .elementor-divider-separator:before,.elementor-widget-divider--view-line_text .elementor-divider-separator:after,.elementor-widget-divider--view-line_text .elementor-divider-separator:before{display:block;content:\"\";border-bottom:0;flex-grow:1;border-top:var(--divider-border-width) var(--divider-border-style) var(--divider-color)}.elementor-widget-divider--element-align-left .elementor-divider .elementor-divider-separator>.elementor-divider__svg:first-of-type{flex-grow:0;flex-shrink:100}.elementor-widget-divider--element-align-left .elementor-divider-separator:before{content:none}.elementor-widget-divider--element-align-left .elementor-divider__element{margin-left:0}.elementor-widget-divider--element-align-right .elementor-divider .elementor-divider-separator>.elementor-divider__svg:last-of-type{flex-grow:0;flex-shrink:100}.elementor-widget-divider--element-align-right .elementor-divider-separator:after{content:none}.elementor-widget-divider--element-align-right .elementor-divider__element{margin-right:0}.elementor-widget-divider:not(.elementor-widget-divider--view-line_text):not(.elementor-widget-divider--view-line_icon) .elementor-divider-separator{border-top:var(--divider-border-width) var(--divider-border-style) var(--divider-color)}.elementor-widget-divider--separator-type-pattern{--divider-border-style:none}.elementor-widget-divider--separator-type-pattern.elementor-widget-divider--view-line .elementor-divider-separator,.elementor-widget-divider--separator-type-pattern:not(.elementor-widget-divider--view-line) .elementor-divider-separator:after,.elementor-widget-divider--separator-type-pattern:not(.elementor-widget-divider--view-line) .elementor-divider-separator:before,.elementor-widget-divider--separator-type-pattern:not([class*=elementor-widget-divider--view]) .elementor-divider-separator{width:100%;min-height:var(--divider-pattern-height);-webkit-mask-size:var(--divider-pattern-size) 100%;mask-size:var(--divider-pattern-size) 100%;-webkit-mask-repeat:var(--divider-pattern-repeat);mask-repeat:var(--divider-pattern-repeat);background-color:var(--divider-color);-webkit-mask-image:var(--divider-pattern-url);mask-image:var(--divider-pattern-url)}.elementor-widget-divider--no-spacing{--divider-pattern-size:auto}.elementor-widget-divider--bg-round{--divider-pattern-repeat:round}.rtl .elementor-widget-divider .elementor-divider__text{direction:rtl}.e-con-inner>.elementor-widget-divider,.e-con>.elementor-widget-divider{width:var(--container-widget-width,100%);--flex-grow:var(--container-widget-flex-grow)}<\/style>\t\t<div class=\"elementor-divider\">\n\t\t\t<span class=\"elementor-divider-separator\">\n\t\t\t\t\t\t<\/span>\n\t\t<\/div>\n\t\t\t\t<\/div>\n\t\t\t\t<\/div>\n\t\t\t\t\t<\/div>\n\t\t<\/div>\n\t\t\t\t\t\t\t<\/div>\n\t\t<\/section>\n\t\t\t\t<section class=\"elementor-section elementor-top-section elementor-element elementor-element-90443e3 elementor-section-boxed elementor-section-height-default elementor-section-height-default\" data-id=\"90443e3\" data-element_type=\"section\">\n\t\t\t\t\t\t<div class=\"elementor-container elementor-column-gap-default\">\n\t\t\t\t\t<div class=\"elementor-column elementor-col-33 elementor-top-column elementor-element elementor-element-ec631ce\" data-id=\"ec631ce\" data-element_type=\"column\">\n\t\t\t<div class=\"elementor-widget-wrap elementor-element-populated\">\n\t\t\t\t\t\t\t\t<div class=\"elementor-element elementor-element-93f83ce elementor-widget elementor-widget-image\" data-id=\"93f83ce\" data-element_type=\"widget\" data-widget_type=\"image.default\">\n\t\t\t\t<div class=\"elementor-widget-container\">\n\t\t\t<style>\/*! elementor - v3.11.5 - 14-03-2023 *\/\n.elementor-widget-image{text-align:center}.elementor-widget-image a{display:inline-block}.elementor-widget-image a img[src$=\".svg\"]{width:48px}.elementor-widget-image img{vertical-align:middle;display:inline-block}<\/style>\t\t\t\t\t\t\t\t\t\t\t\t<img loading=\"lazy\" decoding=\"async\" width=\"1024\" height=\"569\" src=\"https:\/\/wycena-martazwolan.pl\/wp-content\/uploads\/2023\/03\/wizytowka-str-2-1024x569.png\" class=\"attachment-large size-large wp-image-413\" alt=\"\" srcset=\"https:\/\/wycena-martazwolan.pl\/wp-content\/uploads\/2023\/03\/wizytowka-str-2-1024x569.png 1024w, https:\/\/wycena-martazwolan.pl\/wp-content\/uploads\/2023\/03\/wizytowka-str-2-300x167.png 300w, https:\/\/wycena-martazwolan.pl\/wp-content\/uploads\/2023\/03\/wizytowka-str-2-768x427.png 768w, https:\/\/wycena-martazwolan.pl\/wp-content\/uploads\/2023\/03\/wizytowka-str-2.png 1063w\" sizes=\"auto, (max-width: 1024px) 100vw, 1024px\" \/>\t\t\t\t\t\t\t\t\t\t\t\t\t\t\t<\/div>\n\t\t\t\t<\/div>\n\t\t\t\t<div class=\"elementor-element elementor-element-3c667fb elementor-widget elementor-widget-google_maps\" data-id=\"3c667fb\" data-element_type=\"widget\" data-widget_type=\"google_maps.default\">\n\t\t\t\t<div class=\"elementor-widget-container\">\n\t\t\t<style>\/*! elementor - v3.11.5 - 14-03-2023 *\/\n.elementor-widget-google_maps .elementor-widget-container{overflow:hidden}.elementor-widget-google_maps .elementor-custom-embed{line-height:0}.elementor-widget-google_maps iframe{height:300px}<\/style>\t\t<div class=\"elementor-custom-embed\">\n\t\t\t<iframe loading=\"lazy\"\n\t\t\t\t\tsrc=\"https:\/\/maps.google.com\/maps?q=zamo%C5%9B%C4%87%20ul%20prosta%201a%2F32&#038;t=m&#038;z=15&#038;output=embed&#038;iwloc=near\"\n\t\t\t\t\ttitle=\"zamo\u015b\u0107 ul prosta 1a\/32\"\n\t\t\t\t\taria-label=\"zamo\u015b\u0107 ul prosta 1a\/32\"\n\t\t\t><\/iframe>\n\t\t<\/div>\n\t\t\t\t<\/div>\n\t\t\t\t<\/div>\n\t\t\t\t\t<\/div>\n\t\t<\/div>\n\t\t\t\t<div class=\"elementor-column elementor-col-33 elementor-top-column elementor-element elementor-element-2a4c567\" data-id=\"2a4c567\" data-element_type=\"column\">\n\t\t\t<div class=\"elementor-widget-wrap\">\n\t\t\t\t\t\t\t\t\t<\/div>\n\t\t<\/div>\n\t\t\t\t<div class=\"elementor-column elementor-col-33 elementor-top-column elementor-element elementor-element-06221ef\" data-id=\"06221ef\" data-element_type=\"column\">\n\t\t\t<div class=\"elementor-widget-wrap elementor-element-populated\">\n\t\t\t\t\t\t\t\t<div class=\"elementor-element elementor-element-9743239 elementor-widget elementor-widget-shortcode\" data-id=\"9743239\" data-element_type=\"widget\" data-widget_type=\"shortcode.default\">\n\t\t\t\t<div class=\"elementor-widget-container\">\n\t\t\t\t\t<div class=\"elementor-shortcode\">\n<div class=\"wpcf7 no-js\" id=\"wpcf7-f8-o1\" lang=\"pl-PL\" dir=\"ltr\">\n<div class=\"screen-reader-response\"><p role=\"status\" aria-live=\"polite\" aria-atomic=\"true\"><\/p> <ul><\/ul><\/div>\n<form action=\"\/index.php\/wp-json\/wp\/v2\/pages\/223#wpcf7-f8-o1\" method=\"post\" class=\"wpcf7-form init\" aria-label=\"Formularz kontaktowy\" novalidate=\"novalidate\" data-status=\"init\">\n<div style=\"display: none;\">\n<input type=\"hidden\" name=\"_wpcf7\" value=\"8\" \/>\n<input type=\"hidden\" name=\"_wpcf7_version\" value=\"5.7.4\" \/>\n<input type=\"hidden\" name=\"_wpcf7_locale\" value=\"pl_PL\" \/>\n<input type=\"hidden\" name=\"_wpcf7_unit_tag\" value=\"wpcf7-f8-o1\" \/>\n<input type=\"hidden\" name=\"_wpcf7_container_post\" value=\"0\" \/>\n<input type=\"hidden\" name=\"_wpcf7_posted_data_hash\" value=\"\" \/>\n<\/div>\n<p><label> Twoje imi\u0119 i nazwisko<br \/>\n<span class=\"wpcf7-form-control-wrap\" data-name=\"your-name\"><input size=\"40\" class=\"wpcf7-form-control wpcf7-text wpcf7-validates-as-required\" autocomplete=\"name\" aria-required=\"true\" aria-invalid=\"false\" value=\"\" type=\"text\" name=\"your-name\" \/><\/span> <\/label>\n<\/p>\n<p><label> Tw\u00f3j adres e-mail<br \/>\n<span class=\"wpcf7-form-control-wrap\" data-name=\"your-email\"><input size=\"40\" class=\"wpcf7-form-control wpcf7-text wpcf7-email wpcf7-validates-as-required wpcf7-validates-as-email\" autocomplete=\"email\" aria-required=\"true\" aria-invalid=\"false\" value=\"\" type=\"email\" name=\"your-email\" \/><\/span> <\/label>\n<\/p>\n<p><label> Temat<br \/>\n<span class=\"wpcf7-form-control-wrap\" data-name=\"your-subject\"><input size=\"40\" class=\"wpcf7-form-control wpcf7-text wpcf7-validates-as-required\" aria-required=\"true\" aria-invalid=\"false\" value=\"\" type=\"text\" name=\"your-subject\" \/><\/span> <\/label>\n<\/p>\n<p><label> Twoja wiadomo\u015bci (opcjonalne)<br \/>\n<span class=\"wpcf7-form-control-wrap\" data-name=\"your-message\"><textarea cols=\"40\" rows=\"10\" class=\"wpcf7-form-control wpcf7-textarea\" aria-invalid=\"false\" name=\"your-message\"><\/textarea><\/span> <\/label>\n<\/p>\n<p><input class=\"wpcf7-form-control has-spinner wpcf7-submit\" type=\"submit\" value=\"Wy\u015blij\" \/>\n<\/p><div class=\"wpcf7-response-output\" aria-hidden=\"true\"><\/div>\n<\/form>\n<\/div>\n<\/div>\n\t\t\t\t<\/div>\n\t\t\t\t<\/div>\n\t\t\t\t\t<\/div>\n\t\t<\/div>\n\t\t\t\t\t\t\t<\/div>\n\t\t<\/section>\n\t\t\t\t<section class=\"elementor-section elementor-top-section elementor-element elementor-element-a87a86a elementor-section-full_width elementor-section-height-default elementor-section-height-default\" data-id=\"a87a86a\" data-element_type=\"section\">\n\t\t\t\t\t\t<div class=\"elementor-container elementor-column-gap-default\">\n\t\t\t\t\t<div class=\"elementor-column elementor-col-100 elementor-top-column elementor-element elementor-element-13b10d2\" data-id=\"13b10d2\" data-element_type=\"column\">\n\t\t\t<div class=\"elementor-widget-wrap elementor-element-populated\">\n\t\t\t\t\t\t\t\t<div class=\"elementor-element elementor-element-e1abbe9 elementor-widget elementor-widget-spacer\" data-id=\"e1abbe9\" data-element_type=\"widget\" data-widget_type=\"spacer.default\">\n\t\t\t\t<div class=\"elementor-widget-container\">\n\t\t\t<style>\/*! elementor - v3.11.5 - 14-03-2023 *\/\n.elementor-column .elementor-spacer-inner{height:var(--spacer-size)}.e-con{--container-widget-width:100%}.e-con-inner>.elementor-widget-spacer,.e-con>.elementor-widget-spacer{width:var(--container-widget-width,var(--spacer-size));--align-self:var(--container-widget-align-self,initial);--flex-shrink:0}.e-con-inner>.elementor-widget-spacer>.elementor-widget-container,.e-con-inner>.elementor-widget-spacer>.elementor-widget-container>.elementor-spacer,.e-con>.elementor-widget-spacer>.elementor-widget-container,.e-con>.elementor-widget-spacer>.elementor-widget-container>.elementor-spacer{height:100%}.e-con-inner>.elementor-widget-spacer>.elementor-widget-container>.elementor-spacer>.elementor-spacer-inner,.e-con>.elementor-widget-spacer>.elementor-widget-container>.elementor-spacer>.elementor-spacer-inner{height:var(--container-widget-height,var(--spacer-size))}<\/style>\t\t<div class=\"elementor-spacer\">\n\t\t\t<div class=\"elementor-spacer-inner\"><\/div>\n\t\t<\/div>\n\t\t\t\t<\/div>\n\t\t\t\t<\/div>\n\t\t\t\t<div class=\"elementor-element elementor-element-69ad18a elementor-widget-divider--view-line elementor-widget elementor-widget-divider\" data-id=\"69ad18a\" data-element_type=\"widget\" data-widget_type=\"divider.default\">\n\t\t\t\t<div class=\"elementor-widget-container\">\n\t\t\t\t\t<div class=\"elementor-divider\">\n\t\t\t<span class=\"elementor-divider-separator\">\n\t\t\t\t\t\t<\/span>\n\t\t<\/div>\n\t\t\t\t<\/div>\n\t\t\t\t<\/div>\n\t\t\t\t\t<\/div>\n\t\t<\/div>\n\t\t\t\t\t\t\t<\/div>\n\t\t<\/section>\n\t\t\t\t\t\t\t<\/div>\n\t\t","protected":false},"excerpt":{"rendered":"<p>KONTAKT<\/p>\n","protected":false},"author":1,"featured_media":0,"parent":0,"menu_order":0,"comment_status":"closed","ping_status":"closed","template":"elementor_header_footer","meta":{"footnotes":""},"class_list":["post-223","page","type-page","status-publish","hentry","entry"],"yoast_head":"<!-- This site is optimized with the Yoast SEO plugin v20.3 - https:\/\/yoast.com\/wordpress\/plugins\/seo\/ -->\n<title>Kontakt -<\/title>\n<meta name=\"description\" content=\"Ka\u017cdy, kto chce uzyska\u0107 opini\u0119 o warto\u015bci nieruchomo\u015bci, mo\u017ce zleci\u0107 wycen\u0119\" \/>\n<meta name=\"robots\" content=\"index, follow, max-snippet:-1, max-image-preview:large, max-video-preview:-1\" \/>\n<link rel=\"canonical\" href=\"https:\/\/wycena-martazwolan.pl\/index.php\/kontakt-marta-zwolan-rzeczoznawca\/\" \/>\n<meta property=\"og:locale\" content=\"pl_PL\" \/>\n<meta property=\"og:type\" content=\"article\" \/>\n<meta property=\"og:title\" content=\"Kontakt -\" \/>\n<meta property=\"og:description\" content=\"Ka\u017cdy, kto chce uzyska\u0107 opini\u0119 o warto\u015bci nieruchomo\u015bci, mo\u017ce zleci\u0107 wycen\u0119\" \/>\n<meta property=\"og:url\" content=\"https:\/\/wycena-martazwolan.pl\/index.php\/kontakt-marta-zwolan-rzeczoznawca\/\" \/>\n<meta property=\"article:modified_time\" content=\"2023-03-28T08:45:25+00:00\" \/>\n<meta property=\"og:image\" content=\"https:\/\/wycena-martazwolan.pl\/wp-content\/uploads\/2023\/03\/wizytowka-str-2-1024x569.png\" \/>\n<meta name=\"twitter:card\" content=\"summary_large_image\" \/>\n<meta name=\"twitter:label1\" content=\"Szacowany czas czytania\" \/>\n\t<meta name=\"twitter:data1\" content=\"1 minuta\" \/>\n<script type=\"application\/ld+json\" class=\"yoast-schema-graph\">{\"@context\":\"https:\/\/schema.org\",\"@graph\":[{\"@type\":\"WebPage\",\"@id\":\"https:\/\/wycena-martazwolan.pl\/index.php\/kontakt-marta-zwolan-rzeczoznawca\/\",\"url\":\"https:\/\/wycena-martazwolan.pl\/index.php\/kontakt-marta-zwolan-rzeczoznawca\/\",\"name\":\"Kontakt -\",\"isPartOf\":{\"@id\":\"https:\/\/wycena-martazwolan.pl\/#website\"},\"datePublished\":\"2023-01-19T06:26:34+00:00\",\"dateModified\":\"2023-03-28T08:45:25+00:00\",\"description\":\"Ka\u017cdy, kto chce uzyska\u0107 opini\u0119 o warto\u015bci nieruchomo\u015bci, mo\u017ce zleci\u0107 wycen\u0119\",\"breadcrumb\":{\"@id\":\"https:\/\/wycena-martazwolan.pl\/index.php\/kontakt-marta-zwolan-rzeczoznawca\/#breadcrumb\"},\"inLanguage\":\"pl-PL\",\"potentialAction\":[{\"@type\":\"ReadAction\",\"target\":[\"https:\/\/wycena-martazwolan.pl\/index.php\/kontakt-marta-zwolan-rzeczoznawca\/\"]}]},{\"@type\":\"BreadcrumbList\",\"@id\":\"https:\/\/wycena-martazwolan.pl\/index.php\/kontakt-marta-zwolan-rzeczoznawca\/#breadcrumb\",\"itemListElement\":[{\"@type\":\"ListItem\",\"position\":1,\"name\":\"Strona g\u0142\u00f3wna\",\"item\":\"https:\/\/wycena-martazwolan.pl\/\"},{\"@type\":\"ListItem\",\"position\":2,\"name\":\"Kontakt\"}]},{\"@type\":\"WebSite\",\"@id\":\"https:\/\/wycena-martazwolan.pl\/#website\",\"url\":\"https:\/\/wycena-martazwolan.pl\/\",\"name\":\"wycena-martazwolan.pl\",\"description\":\"\",\"publisher\":{\"@id\":\"https:\/\/wycena-martazwolan.pl\/#organization\"},\"potentialAction\":[{\"@type\":\"SearchAction\",\"target\":{\"@type\":\"EntryPoint\",\"urlTemplate\":\"https:\/\/wycena-martazwolan.pl\/?s={search_term_string}\"},\"query-input\":\"required name=search_term_string\"}],\"inLanguage\":\"pl-PL\"},{\"@type\":\"Organization\",\"@id\":\"https:\/\/wycena-martazwolan.pl\/#organization\",\"name\":\"Rzeczoznawca maj\u0105tkowy Marta Zwolan\",\"url\":\"https:\/\/wycena-martazwolan.pl\/\",\"logo\":{\"@type\":\"ImageObject\",\"inLanguage\":\"pl-PL\",\"@id\":\"https:\/\/wycena-martazwolan.pl\/#\/schema\/logo\/image\/\",\"url\":\"https:\/\/wycena-martazwolan.pl\/wp-content\/uploads\/2023\/03\/cropped-wizytowka-str-1-1.png\",\"contentUrl\":\"https:\/\/wycena-martazwolan.pl\/wp-content\/uploads\/2023\/03\/cropped-wizytowka-str-1-1.png\",\"width\":1063,\"height\":291,\"caption\":\"Rzeczoznawca maj\u0105tkowy Marta Zwolan\"},\"image\":{\"@id\":\"https:\/\/wycena-martazwolan.pl\/#\/schema\/logo\/image\/\"}}]}<\/script>\n<!-- \/ Yoast SEO plugin. -->","yoast_head_json":{"title":"Kontakt -","description":"Ka\u017cdy, kto chce uzyska\u0107 opini\u0119 o warto\u015bci nieruchomo\u015bci, mo\u017ce zleci\u0107 wycen\u0119","robots":{"index":"index","follow":"follow","max-snippet":"max-snippet:-1","max-image-preview":"max-image-preview:large","max-video-preview":"max-video-preview:-1"},"canonical":"https:\/\/wycena-martazwolan.pl\/index.php\/kontakt-marta-zwolan-rzeczoznawca\/","og_locale":"pl_PL","og_type":"article","og_title":"Kontakt -","og_description":"Ka\u017cdy, kto chce uzyska\u0107 opini\u0119 o warto\u015bci nieruchomo\u015bci, mo\u017ce zleci\u0107 wycen\u0119","og_url":"https:\/\/wycena-martazwolan.pl\/index.php\/kontakt-marta-zwolan-rzeczoznawca\/","article_modified_time":"2023-03-28T08:45:25+00:00","og_image":[{"url":"https:\/\/wycena-martazwolan.pl\/wp-content\/uploads\/2023\/03\/wizytowka-str-2-1024x569.png"}],"twitter_card":"summary_large_image","twitter_misc":{"Szacowany czas czytania":"1 minuta"},"schema":{"@context":"https:\/\/schema.org","@graph":[{"@type":"WebPage","@id":"https:\/\/wycena-martazwolan.pl\/index.php\/kontakt-marta-zwolan-rzeczoznawca\/","url":"https:\/\/wycena-martazwolan.pl\/index.php\/kontakt-marta-zwolan-rzeczoznawca\/","name":"Kontakt -","isPartOf":{"@id":"https:\/\/wycena-martazwolan.pl\/#website"},"datePublished":"2023-01-19T06:26:34+00:00","dateModified":"2023-03-28T08:45:25+00:00","description":"Ka\u017cdy, kto chce uzyska\u0107 opini\u0119 o warto\u015bci nieruchomo\u015bci, mo\u017ce zleci\u0107 wycen\u0119","breadcrumb":{"@id":"https:\/\/wycena-martazwolan.pl\/index.php\/kontakt-marta-zwolan-rzeczoznawca\/#breadcrumb"},"inLanguage":"pl-PL","potentialAction":[{"@type":"ReadAction","target":["https:\/\/wycena-martazwolan.pl\/index.php\/kontakt-marta-zwolan-rzeczoznawca\/"]}]},{"@type":"BreadcrumbList","@id":"https:\/\/wycena-martazwolan.pl\/index.php\/kontakt-marta-zwolan-rzeczoznawca\/#breadcrumb","itemListElement":[{"@type":"ListItem","position":1,"name":"Strona g\u0142\u00f3wna","item":"https:\/\/wycena-martazwolan.pl\/"},{"@type":"ListItem","position":2,"name":"Kontakt"}]},{"@type":"WebSite","@id":"https:\/\/wycena-martazwolan.pl\/#website","url":"https:\/\/wycena-martazwolan.pl\/","name":"wycena-martazwolan.pl","description":"","publisher":{"@id":"https:\/\/wycena-martazwolan.pl\/#organization"},"potentialAction":[{"@type":"SearchAction","target":{"@type":"EntryPoint","urlTemplate":"https:\/\/wycena-martazwolan.pl\/?s={search_term_string}"},"query-input":"required name=search_term_string"}],"inLanguage":"pl-PL"},{"@type":"Organization","@id":"https:\/\/wycena-martazwolan.pl\/#organization","name":"Rzeczoznawca maj\u0105tkowy Marta Zwolan","url":"https:\/\/wycena-martazwolan.pl\/","logo":{"@type":"ImageObject","inLanguage":"pl-PL","@id":"https:\/\/wycena-martazwolan.pl\/#\/schema\/logo\/image\/","url":"https:\/\/wycena-martazwolan.pl\/wp-content\/uploads\/2023\/03\/cropped-wizytowka-str-1-1.png","contentUrl":"https:\/\/wycena-martazwolan.pl\/wp-content\/uploads\/2023\/03\/cropped-wizytowka-str-1-1.png","width":1063,"height":291,"caption":"Rzeczoznawca maj\u0105tkowy Marta Zwolan"},"image":{"@id":"https:\/\/wycena-martazwolan.pl\/#\/schema\/logo\/image\/"}}]}},"_links":{"self":[{"href":"https:\/\/wycena-martazwolan.pl\/index.php\/wp-json\/wp\/v2\/pages\/223","targetHints":{"allow":["GET"]}}],"collection":[{"href":"https:\/\/wycena-martazwolan.pl\/index.php\/wp-json\/wp\/v2\/pages"}],"about":[{"href":"https:\/\/wycena-martazwolan.pl\/index.php\/wp-json\/wp\/v2\/types\/page"}],"author":[{"embeddable":true,"href":"https:\/\/wycena-martazwolan.pl\/index.php\/wp-json\/wp\/v2\/users\/1"}],"replies":[{"embeddable":true,"href":"https:\/\/wycena-martazwolan.pl\/index.php\/wp-json\/wp\/v2\/comments?post=223"}],"version-history":[{"count":31,"href":"https:\/\/wycena-martazwolan.pl\/index.php\/wp-json\/wp\/v2\/pages\/223\/revisions"}],"predecessor-version":[{"id":490,"href":"https:\/\/wycena-martazwolan.pl\/index.php\/wp-json\/wp\/v2\/pages\/223\/revisions\/490"}],"wp:attachment":[{"href":"https:\/\/wycena-martazwolan.pl\/index.php\/wp-json\/wp\/v2\/media?parent=223"}],"curies":[{"name":"wp","href":"https:\/\/api.w.org\/{rel}","templated":true}]}}